{"id":15,"date":"2016-01-01T09:00:26","date_gmt":"2016-01-01T09:00:26","guid":{"rendered":"http:\/\/castalides.com\/interactive\/?page_id=15"},"modified":"2016-02-17T15:50:28","modified_gmt":"2016-02-17T15:50:28","slug":"contact","status":"publish","type":"page","link":"https:\/\/castalidesinteractive.com\/de\/contact\/","title":{"rendered":"Kontakt"},"content":{"rendered":"<p><\/p>\n<h4>Vielen Dank f\u00fcr Ihren Besuch. Wir freuen uns immer \u00fcber neue Kontakte und interessante Korrespondenz. Wenn Sie uns \u00fcber unser Kontaktformular eine Nachricht zukommen lassen, werden wir uns bem\u00fchen Ihre Anfrage innerhalb eines Gesch\u00e4ftstages zu beantworten.<\/h4>\n<p>&nbsp;&nbsp;<br \/>\n<form method=\"post\" id=\"cntctfrm_contact_form_2\" class=\"cntctfrm_contact_form cntctfrm_one_column cntctfrm_ltr cntctfrm_width_default\" action=\"\/de\/wp-json\/wp\/v2\/pages\/15#cntctfrm_contact_form_2\" enctype=\"multipart\/form-data\"><div id=\"cntctfrm_first_column\" class=\"cntctfrm_column\"><div class=\"cntctfrm_field_wrap cntctfrm_field_name_wrap\"namecontact><div class=\"cntctfrm_label cntctfrm_label_name\">\n\t\t\t\t\t\t\t\t\t<label for=\"cntctfrm_contact_name_2\"> <span class=\"required\">*<\/span><\/label><\/div><div class=\"cntctfrm_input cntctfrm_input_name\">\n\t\t\t\t\t\t\t\t\t<input namecontact class=\"text\" type=\"text\" size=\"40\" pattern=\"^([\\p{L}\\p{M}]{2,}(\\s)*(\\p{L}+\\p{M}*-*){1,})|([\\p{L}\\p{M}]{3,})\" title=\"Bitte nur Buchstaben mit mindestens 3 Zeichen eingeben, W\u00f6rter durch Leerzeichen getrennt\" value=\"\" name=\"cntctfrm_contact_name\" id=\"cntctfrm_contact_name_2\" \/><\/div><\/div><div class=\"cntctfrm_field_wrap cntctfrm_field_address_wrap\"><div class=\"cntctfrm_label cntctfrm_label_address\">\n\t\t\t\t\t\t\t\t\t\t<label for=\"cntctfrm_contact_address_2\"><\/label><\/div><div class=\"cntctfrm_input cntctfrm_input_address\">\n\t\t\t\t\t\t\t\t\t<input class=\"text\" type=\"text\" size=\"40\" pattern=\"([\\p{L}\\p{M}\\s0-9]){3,120}\" title=\"Bitte geben Sie nur Buchstaben und Zahlen mindestens 3 Zeichen ein, W\u00f6rter durch Leerzeichen getrennt\" value=\"\" name=\"cntctfrm_contact_address\" id=\"cntctfrm_contact_address_2\" \/><\/div><\/div><div class=\"cntctfrm_field_wrap cntctfrm_field_email_wrap\"email><div class=\"cntctfrm_label cntctfrm_label_email\">\n\t\t\t\t\t\t\t\t\t<label for=\"cntctfrm_contact_email_2\"> <span class=\"required\">*<\/span><\/label>\n\t\t\t\t\t\t\t\t<\/div><div class=\"cntctfrm_input cntctfrm_input_email\">\n\t\t\t\t\t\t\t\t\t<input email class=\"text\" type=\"email\" size=\"40\" value=\"\" name=\"cntctfrm_contact_email\" id=\"cntctfrm_contact_email_2\" \/><\/div><\/div><div class=\"cntctfrm_field_wrap cntctfrm_field_phone_wrap\"><div class=\"cntctfrm_label cntctfrm_label_phone\">\n\t\t\t\t\t\t\t\t\t\t<label for=\"cntctfrm_contact_phone_2\"><\/label>\n\t\t\t\t\t\t\t\t\t<\/div><div class=\"cntctfrm_input cntctfrm_input_phone\">\n\t\t\t\t\t\t\t\t\t<input class=\"text\" type=\"text\" size=\"40\" value=\"\" pattern=\"[0-9]{6,}\" title=\"Bitte geben Sie nur Zahlen mit mindestens 6 Zeichen ein\" name=\"cntctfrm_contact_phone\" id=\"cntctfrm_contact_phone_2\" \/><\/div><\/div><div class=\"cntctfrm_field_wrap cntctfrm_field_subject_wrap\"subject><div class=\"cntctfrm_label cntctfrm_label_subject\">\n\t\t\t\t\t\t\t\t\t<label for=\"cntctfrm_contact_subject_2\"> <span class=\"required\">*<\/span><\/label>\n\t\t\t\t\t\t\t\t<\/div><div class=\"cntctfrm_input cntctfrm_input_subject\">\n\t\t\t\t\t\t\t\t<input subject pattern=\"^\\p{L}{1,}([\\p{L}\\s]){2,}\" title=\"Please enter only letters at least 3 characters, words seperated by spaces\" class=\"text\" type=\"text\" size=\"40\" value=\"\" name=\"cntctfrm_contact_subject\" id=\"cntctfrm_contact_subject_2\" \/><\/div><\/div><div class=\"cntctfrm_field_wrap cntctfrm_field_message_wrap\"message><div class=\"cntctfrm_label cntctfrm_label_message\">\n\t\t\t\t\t\t\t\t<label for=\"cntctfrm_contact_message_2\"> <span class=\"required\">*<\/span><\/label>\n\t\t\t\t\t\t\t<\/div><div class=\"cntctfrm_input cntctfrm_input_message\">\n\t\t\t\t\t\t\t\t<textarea message rows=\"5\" cols=\"30\"name=\"cntctfrm_contact_message\" id=\"cntctfrm_contact_message_2\"><\/textarea><\/div><\/div><div class=\"cntctfrm_field_wrap cntctfrm_field_captcha_wrap\"><div class=\"cntctfrm_label cntctfrm_label_captcha\">\n\t\t\t\t\t\t\t\t\t\t\t<label><\/label>\n\t\t\t\t\t\t\t\t\t\t<\/div><div class=\"cntctfrm_input cntctfrm_input_captcha\"><div class=\"gglcptch gglcptch_v3\"><div class=\"google-captcha-notice\">Diese Seite ist durch reCAPTCHA und Google gesch\u00fctzt <a href=\"https:\/\/policies.google.com\/privacy\" target=\"_blank\">Datenschutz-Bestimmungen<\/a> und <a href=\"https:\/\/policies.google.com\/terms\" target=\"_blank\">Nutzungsbedingungen<\/a> anwenden.<\/div><input type=\"hidden\" id=\"g-recaptcha-response\" name=\"g-recaptcha-response\" \/><br \/><div class=\"gglcptch_error_text\">Der Zeitraum f\u00fcr die reCAPTCHA-\u00dcberpr\u00fcfung ist abgelaufen. Bitte laden Sie die Seite neu.<\/div><\/div><\/div><\/div><\/div><div class=\"clear\"><\/div><div class=\"cntctfrm_submit_wrap\"><div id=\"cntctfrm_submit_first_column\" class=\"cntctfrm_column\"><div class=\"cntctfrm_input cntctfrm_input_submit\"><input type=\"hidden\" value=\"send\" name=\"cntctfrm_contact_action\">\n\t\t\t\t\t\t\t<input type=\"hidden\" value=\"de\" name=\"cntctfrm_language\">\n\t\t\t\t\t\t\t<input type=\"hidden\" value=\"2\" name=\"cntctfrm_form_submited\">\n\t\t\t\t\t\t\t<input type=\"hidden\" value=\"cntctfrm_options\" name=\"cntctfrm_options_name\">\n\t\t\t\t\t\t\t<input type=\"submit\" value=\"\" class=\"cntctfrm_contact_submit\" id=\"2\" \/>\n\t\t\t\t\t\t<\/div><\/div><div id=\"cntctfrm_submit_second_column\" class=\"cntctfrm_column\"><\/div><div class=\"clear\"><\/div>\n\t\t\t<\/div>\n\t\t\t<\/form><\/p>","protected":false},"excerpt":{"rendered":"<p>Vielen Dank f\u00fcr Ihren Besuch. Wir freuen uns immer \u00fcber neue Kontakte und interessante Korrespondenz. Wenn Sie uns \u00fcber unser Kontaktformular eine Nachricht zukommen lassen, werden wir uns bem\u00fchen Ihre Anfrage innerhalb eines Gesch\u00e4ftstages zu beantworten. &nbsp;&nbsp;<\/p>\n","protected":false},"author":2,"featured_media":0,"parent":0,"menu_order":5,"comment_status":"closed","ping_status":"closed","template":"","meta":{"footnotes":""},"class_list":["post-15","page","type-page","status-publish","hentry"],"yoast_head":"<!-- This site is optimized with the Yoast SEO plugin v27.4 - https:\/\/yoast.com\/product\/yoast-seo-wordpress\/ -->\n<title>Contact Us<\/title>\n<meta name=\"description\" content=\"We create web experiences, mobile experiences, browser games and interactive products since 1996. Get in touch and find out how we can help your business.\" \/>\n<meta name=\"robots\" content=\"index, follow, max-snippet:-1, max-image-preview:large, max-video-preview:-1\" \/>\n<link rel=\"canonical\" href=\"https:\/\/castalidesinteractive.com\/contact\/\" \/>\n<meta property=\"og:locale\" content=\"de_DE\" \/>\n<meta property=\"og:type\" content=\"article\" \/>\n<meta property=\"og:title\" content=\"Contact Us\" \/>\n<meta property=\"og:description\" content=\"We create web experiences, mobile experiences, browser games and interactive products since 1996. Get in touch and find out how we can help your business.\" \/>\n<meta property=\"og:url\" content=\"https:\/\/castalidesinteractive.com\/contact\/\" \/>\n<meta property=\"og:site_name\" content=\"Castalides Interactive - Digital Content Production Company - Game Design &amp; Development, Illustration &amp; Animation\" \/>\n<meta property=\"article:modified_time\" content=\"2016-02-17T15:50:28+00:00\" \/>\n<script type=\"application\/ld+json\" class=\"yoast-schema-graph\">{\"@context\":\"https:\\\/\\\/schema.org\",\"@graph\":[{\"@type\":\"WebPage\",\"@id\":\"https:\\\/\\\/castalidesinteractive.com\\\/contact\\\/\",\"url\":\"https:\\\/\\\/castalidesinteractive.com\\\/contact\\\/\",\"name\":\"Contact Us\",\"isPartOf\":{\"@id\":\"https:\\\/\\\/castalidesinteractive.com\\\/#website\"},\"datePublished\":\"2016-01-01T09:00:26+00:00\",\"dateModified\":\"2016-02-17T15:50:28+00:00\",\"description\":\"We create web experiences, mobile experiences, browser games and interactive products since 1996. Get in touch and find out how we can help your business.\",\"breadcrumb\":{\"@id\":\"https:\\\/\\\/castalidesinteractive.com\\\/contact\\\/#breadcrumb\"},\"inLanguage\":\"de\",\"potentialAction\":[{\"@type\":\"ReadAction\",\"target\":[\"https:\\\/\\\/castalidesinteractive.com\\\/contact\\\/\"]}]},{\"@type\":\"BreadcrumbList\",\"@id\":\"https:\\\/\\\/castalidesinteractive.com\\\/contact\\\/#breadcrumb\",\"itemListElement\":[{\"@type\":\"ListItem\",\"position\":1,\"name\":\"Home\",\"item\":\"https:\\\/\\\/castalidesinteractive.com\\\/\"},{\"@type\":\"ListItem\",\"position\":2,\"name\":\"Contact\"}]},{\"@type\":\"WebSite\",\"@id\":\"https:\\\/\\\/castalidesinteractive.com\\\/#website\",\"url\":\"https:\\\/\\\/castalidesinteractive.com\\\/\",\"name\":\"Castalides Interactive - Digital Content Production Company - Game Design &amp; Development, Illustration &amp; Animation\",\"description\":\"A fully integrated digital media and content production company\",\"publisher\":{\"@id\":\"https:\\\/\\\/castalidesinteractive.com\\\/#organization\"},\"potentialAction\":[{\"@type\":\"SearchAction\",\"target\":{\"@type\":\"EntryPoint\",\"urlTemplate\":\"https:\\\/\\\/castalidesinteractive.com\\\/?s={search_term_string}\"},\"query-input\":{\"@type\":\"PropertyValueSpecification\",\"valueRequired\":true,\"valueName\":\"search_term_string\"}}],\"inLanguage\":\"de\"},{\"@type\":\"Organization\",\"@id\":\"https:\\\/\\\/castalidesinteractive.com\\\/#organization\",\"name\":\"Castalides Ltd\",\"url\":\"https:\\\/\\\/castalidesinteractive.com\\\/\",\"logo\":{\"@type\":\"ImageObject\",\"inLanguage\":\"de\",\"@id\":\"https:\\\/\\\/castalidesinteractive.com\\\/#\\\/schema\\\/logo\\\/image\\\/\",\"url\":\"https:\\\/\\\/castalidesinteractive.com\\\/wp-content\\\/uploads\\\/2015\\\/09\\\/castalidesinteractive_100.jpg\",\"contentUrl\":\"https:\\\/\\\/castalidesinteractive.com\\\/wp-content\\\/uploads\\\/2015\\\/09\\\/castalidesinteractive_100.jpg\",\"width\":100,\"height\":100,\"caption\":\"Castalides Ltd\"},\"image\":{\"@id\":\"https:\\\/\\\/castalidesinteractive.com\\\/#\\\/schema\\\/logo\\\/image\\\/\"}}]}<\/script>\n<!-- \/ Yoast SEO plugin. -->","yoast_head_json":{"title":"Contact Us","description":"We create web experiences, mobile experiences, browser games and interactive products since 1996. Get in touch and find out how we can help your business.","robots":{"index":"index","follow":"follow","max-snippet":"max-snippet:-1","max-image-preview":"max-image-preview:large","max-video-preview":"max-video-preview:-1"},"canonical":"https:\/\/castalidesinteractive.com\/contact\/","og_locale":"de_DE","og_type":"article","og_title":"Contact Us","og_description":"We create web experiences, mobile experiences, browser games and interactive products since 1996. Get in touch and find out how we can help your business.","og_url":"https:\/\/castalidesinteractive.com\/contact\/","og_site_name":"Castalides Interactive - Digital Content Production Company - Game Design &amp; Development, Illustration &amp; Animation","article_modified_time":"2016-02-17T15:50:28+00:00","schema":{"@context":"https:\/\/schema.org","@graph":[{"@type":"WebPage","@id":"https:\/\/castalidesinteractive.com\/contact\/","url":"https:\/\/castalidesinteractive.com\/contact\/","name":"Contact Us","isPartOf":{"@id":"https:\/\/castalidesinteractive.com\/#website"},"datePublished":"2016-01-01T09:00:26+00:00","dateModified":"2016-02-17T15:50:28+00:00","description":"We create web experiences, mobile experiences, browser games and interactive products since 1996. Get in touch and find out how we can help your business.","breadcrumb":{"@id":"https:\/\/castalidesinteractive.com\/contact\/#breadcrumb"},"inLanguage":"de","potentialAction":[{"@type":"ReadAction","target":["https:\/\/castalidesinteractive.com\/contact\/"]}]},{"@type":"BreadcrumbList","@id":"https:\/\/castalidesinteractive.com\/contact\/#breadcrumb","itemListElement":[{"@type":"ListItem","position":1,"name":"Home","item":"https:\/\/castalidesinteractive.com\/"},{"@type":"ListItem","position":2,"name":"Contact"}]},{"@type":"WebSite","@id":"https:\/\/castalidesinteractive.com\/#website","url":"https:\/\/castalidesinteractive.com\/","name":"Castalides Interactive - Digital Content Production Company - Game Design &amp; Development, Illustration &amp; Animation","description":"A fully integrated digital media and content production company","publisher":{"@id":"https:\/\/castalidesinteractive.com\/#organization"},"potentialAction":[{"@type":"SearchAction","target":{"@type":"EntryPoint","urlTemplate":"https:\/\/castalidesinteractive.com\/?s={search_term_string}"},"query-input":{"@type":"PropertyValueSpecification","valueRequired":true,"valueName":"search_term_string"}}],"inLanguage":"de"},{"@type":"Organization","@id":"https:\/\/castalidesinteractive.com\/#organization","name":"Castalides Ltd","url":"https:\/\/castalidesinteractive.com\/","logo":{"@type":"ImageObject","inLanguage":"de","@id":"https:\/\/castalidesinteractive.com\/#\/schema\/logo\/image\/","url":"https:\/\/castalidesinteractive.com\/wp-content\/uploads\/2015\/09\/castalidesinteractive_100.jpg","contentUrl":"https:\/\/castalidesinteractive.com\/wp-content\/uploads\/2015\/09\/castalidesinteractive_100.jpg","width":100,"height":100,"caption":"Castalides Ltd"},"image":{"@id":"https:\/\/castalidesinteractive.com\/#\/schema\/logo\/image\/"}}]}},"_links":{"self":[{"href":"https:\/\/castalidesinteractive.com\/de\/wp-json\/wp\/v2\/pages\/15","targetHints":{"allow":["GET"]}}],"collection":[{"href":"https:\/\/castalidesinteractive.com\/de\/wp-json\/wp\/v2\/pages"}],"about":[{"href":"https:\/\/castalidesinteractive.com\/de\/wp-json\/wp\/v2\/types\/page"}],"author":[{"embeddable":true,"href":"https:\/\/castalidesinteractive.com\/de\/wp-json\/wp\/v2\/users\/2"}],"replies":[{"embeddable":true,"href":"https:\/\/castalidesinteractive.com\/de\/wp-json\/wp\/v2\/comments?post=15"}],"version-history":[{"count":20,"href":"https:\/\/castalidesinteractive.com\/de\/wp-json\/wp\/v2\/pages\/15\/revisions"}],"predecessor-version":[{"id":940,"href":"https:\/\/castalidesinteractive.com\/de\/wp-json\/wp\/v2\/pages\/15\/revisions\/940"}],"wp:attachment":[{"href":"https:\/\/castalidesinteractive.com\/de\/wp-json\/wp\/v2\/media?parent=15"}],"curies":[{"name":"wp","href":"https:\/\/api.w.org\/{rel}","templated":true}]}}