{"id":5,"date":"2016-01-19T11:00:06","date_gmt":"2016-01-19T11:00:06","guid":{"rendered":"http:\/\/castalides.com\/interactive\/?page_id=5"},"modified":"2016-02-17T15:35:52","modified_gmt":"2016-02-17T15:35:52","slug":"about","status":"publish","type":"page","link":"https:\/\/castalidesinteractive.com\/de\/","title":{"rendered":"\u00dcber Castalides Interactive"},"content":{"rendered":"<p><\/p>\n<h3>CASTALIDES INTERACTIVE<\/h3>\n<p>CASTALIDES INTERACTIVE ist eine digitale Medien- und Contentproduktionsfirma mit Sitz in S\u00fcd-England. Wir definieren uns durch unsere Leidenschaft eine Symbiose zwischen Technologie und Storytelling zu finden, und verschieben fortw\u00e4hrend die Grenzen zwischen digitaler Kunst und Technologie, mit dem Ziel eine unvergessliche interaktive Erfahrung f\u00fcr unsere Kunden und deren Zielgruppen zu schaffen.<\/p>\n<p>Die neueste Technologie ist wertlos ohne ein tiefgr\u00fcndiges Verst\u00e4ndnis dar\u00fcber, wie man eine Story dramaturgisch aufbereitet um die gew\u00fcnschte Zielgruppe emotional zu erreichen. Wir arbeiten mit genau dieser Pr\u00e4misse seit 1996. Auf unserer Liste von zufriedenen Kunden finden sich erfolgreiche internationale Firmen wie Unilever, RTL, Take2 Interactive, Ink Publishing, Birthday Alarm und viele weitere.<\/p>\n<p>&nbsp;<\/p>\n<ul>\n<ul>\n<li>Wir konzipieren, designen und produzieren digitalen Content, wie etwa interaktive Web- und Softwarel\u00f6sungen, Online Spiele, und Motion Graphic- und Animationsfilme in 2D und 3D, f\u00fcr alle Ger\u00e4te und Plattformen.<\/li>\n<\/ul>\n<\/ul>\n<p>&nbsp;<\/p>\n<ul>\n<ul>\n<li>Wir kombinieren modernste Technologie mit bew\u00e4hrter Kreativit\u00e4t, um Marken zu helfen, mittels intensiven Usererfahrungen eine starke Verbindung zu ihren Kunden aufzubauen.<\/li>\n<\/ul>\n<\/ul>\n<p>&nbsp;<\/p>\n<ul>\n<ul>\n<li>Wir sind uns bewusst, da\u00df die digitale Welt eine Bereicherung unseres t\u00e4glichen Lebens darstellen muss, anstelle einer Ablenkung.<\/li>\n<\/ul>\n<\/ul>\n<p>&nbsp;<\/p>\n<ul>\n<ul>\n<li>Wir sind spezialisiert traditionelles Storytelling mit modernster Cross-Plattform Technologie zu verschmelzen, und somit einer digital integrierten, aber immer noch auf klassischen Erz\u00e4hlstrukturen basierenden Welt gerecht zu werden.<\/li>\n<\/ul>\n<\/ul>\n<p>&nbsp;<\/p>\n<ul>\n<ul>\n<li>Wir arbeiten mit Begeisterung an innovativen und neuartigen Projekten. Unsere Experimente f\u00fcllen die L\u00fccke zwischen Inhalt und Technologie, zwischen der narrativen und der interaktiven Erfahrungswelt.<\/li>\n<\/ul>\n<\/ul>\n<p>&nbsp;<\/p>\n<ul>\n<ul>\n<li>Wir sind davon \u00fcberzeugt, da\u00df nichts unm\u00f6glich ist und, da\u00df das folgen etablierter Regeln nicht immer der beste L\u00f6sungsansatz ist.<\/li>\n<\/ul>\n<\/ul>\n<p>&nbsp;<\/p>\n<p>In einer Welt in welcher die Unterschiede zwischen Wirklichkeit und Traum, zwischen Realit\u00e4t und Fiktion, zwischen dem Digitalen und dem Virtuellen, verschwimmen,\u00a0besitzt CASTALIDES INTERACTIVE eine einzigartige Expertise &#8211; die jahrzehntelange Erfahrung in der Welt der digitalen Medienproduktion kombiniert mit einer unsch\u00e4tzbaren Expertise im Bereich des klassischen Storytellings. Diese jahrzehntelange Erfahrung erlaubt es uns neue M\u00e4rkte zu erreichen, neue Einkommensquellen zu finden und uns klar von der Masse unqualifizierter Anbieter abzuheben.<\/p>\n<p><\/p>","protected":false},"excerpt":{"rendered":"<p>CASTALIDES INTERACTIVE CASTALIDES INTERACTIVE ist eine digitale Medien- und Contentproduktionsfirma mit Sitz in S\u00fcd-England. Wir definieren uns durch unsere Leidenschaft eine Symbiose zwischen Technologie und Storytelling zu finden, und verschieben fortw\u00e4hrend die Grenzen zwischen digitaler Kunst und Technologie, mit dem Ziel eine unvergessliche interaktive Erfahrung f\u00fcr unsere Kunden und deren Zielgruppen zu schaffen. Die neueste [&hellip;]<\/p>\n","protected":false},"author":2,"featured_media":0,"parent":0,"menu_order":0,"comment_status":"closed","ping_status":"closed","template":"","meta":{"footnotes":""},"class_list":["post-5","page","type-page","status-publish","hentry"],"yoast_head":"<!-- This site is optimized with the Yoast SEO plugin v27.4 - https:\/\/yoast.com\/product\/yoast-seo-wordpress\/ -->\n<title>About Castalides Interactive<\/title>\n<meta name=\"description\" content=\"About Castalides Interactive - We create user experiences, browser games and interactive content since 1996.\" \/>\n<meta name=\"robots\" content=\"index, follow, max-snippet:-1, max-image-preview:large, max-video-preview:-1\" \/>\n<link rel=\"canonical\" href=\"https:\/\/castalidesinteractive.com\/\" \/>\n<meta property=\"og:locale\" content=\"de_DE\" \/>\n<meta property=\"og:type\" content=\"article\" \/>\n<meta property=\"og:title\" content=\"About Castalides Interactive\" \/>\n<meta property=\"og:description\" content=\"About Castalides Interactive - We create user experiences, browser games and interactive content since 1996.\" \/>\n<meta property=\"og:url\" content=\"https:\/\/castalidesinteractive.com\/\" \/>\n<meta property=\"og:site_name\" content=\"Castalides Interactive - Digital Content Production Company - Game Design &amp; Development, Illustration &amp; Animation\" \/>\n<meta property=\"article:modified_time\" content=\"2016-02-17T15:35:52+00:00\" \/>\n<meta name=\"twitter:label1\" content=\"Gesch\u00e4tzte Lesezeit\" \/>\n\t<meta name=\"twitter:data1\" content=\"3\u00a0Minuten\" \/>\n<script type=\"application\/ld+json\" class=\"yoast-schema-graph\">{\"@context\":\"https:\\\/\\\/schema.org\",\"@graph\":[{\"@type\":\"WebPage\",\"@id\":\"https:\\\/\\\/castalidesinteractive.com\\\/\",\"url\":\"https:\\\/\\\/castalidesinteractive.com\\\/\",\"name\":\"About Castalides Interactive\",\"isPartOf\":{\"@id\":\"https:\\\/\\\/castalidesinteractive.com\\\/#website\"},\"datePublished\":\"2016-01-19T11:00:06+00:00\",\"dateModified\":\"2016-02-17T15:35:52+00:00\",\"description\":\"About Castalides Interactive - We create user experiences, browser games and interactive content since 1996.\",\"breadcrumb\":{\"@id\":\"https:\\\/\\\/castalidesinteractive.com\\\/#breadcrumb\"},\"inLanguage\":\"de\",\"potentialAction\":[{\"@type\":\"ReadAction\",\"target\":[\"https:\\\/\\\/castalidesinteractive.com\\\/\"]}]},{\"@type\":\"BreadcrumbList\",\"@id\":\"https:\\\/\\\/castalidesinteractive.com\\\/#breadcrumb\",\"itemListElement\":[{\"@type\":\"ListItem\",\"position\":1,\"name\":\"Home\",\"item\":\"https:\\\/\\\/castalidesinteractive.com\\\/\"},{\"@type\":\"ListItem\",\"position\":2,\"name\":\"About Castalides Interactive\"}]},{\"@type\":\"WebSite\",\"@id\":\"https:\\\/\\\/castalidesinteractive.com\\\/#website\",\"url\":\"https:\\\/\\\/castalidesinteractive.com\\\/\",\"name\":\"Castalides Interactive - Digital Content Production Company - Game Design &amp; Development, Illustration &amp; Animation\",\"description\":\"A fully integrated digital media and content production company\",\"publisher\":{\"@id\":\"https:\\\/\\\/castalidesinteractive.com\\\/#organization\"},\"potentialAction\":[{\"@type\":\"SearchAction\",\"target\":{\"@type\":\"EntryPoint\",\"urlTemplate\":\"https:\\\/\\\/castalidesinteractive.com\\\/?s={search_term_string}\"},\"query-input\":{\"@type\":\"PropertyValueSpecification\",\"valueRequired\":true,\"valueName\":\"search_term_string\"}}],\"inLanguage\":\"de\"},{\"@type\":\"Organization\",\"@id\":\"https:\\\/\\\/castalidesinteractive.com\\\/#organization\",\"name\":\"Castalides Ltd\",\"url\":\"https:\\\/\\\/castalidesinteractive.com\\\/\",\"logo\":{\"@type\":\"ImageObject\",\"inLanguage\":\"de\",\"@id\":\"https:\\\/\\\/castalidesinteractive.com\\\/#\\\/schema\\\/logo\\\/image\\\/\",\"url\":\"https:\\\/\\\/castalidesinteractive.com\\\/wp-content\\\/uploads\\\/2015\\\/09\\\/castalidesinteractive_100.jpg\",\"contentUrl\":\"https:\\\/\\\/castalidesinteractive.com\\\/wp-content\\\/uploads\\\/2015\\\/09\\\/castalidesinteractive_100.jpg\",\"width\":100,\"height\":100,\"caption\":\"Castalides Ltd\"},\"image\":{\"@id\":\"https:\\\/\\\/castalidesinteractive.com\\\/#\\\/schema\\\/logo\\\/image\\\/\"}}]}<\/script>\n<!-- \/ Yoast SEO plugin. -->","yoast_head_json":{"title":"About Castalides Interactive","description":"About Castalides Interactive - We create user experiences, browser games and interactive content since 1996.","robots":{"index":"index","follow":"follow","max-snippet":"max-snippet:-1","max-image-preview":"max-image-preview:large","max-video-preview":"max-video-preview:-1"},"canonical":"https:\/\/castalidesinteractive.com\/","og_locale":"de_DE","og_type":"article","og_title":"About Castalides Interactive","og_description":"About Castalides Interactive - We create user experiences, browser games and interactive content since 1996.","og_url":"https:\/\/castalidesinteractive.com\/","og_site_name":"Castalides Interactive - Digital Content Production Company - Game Design &amp; Development, Illustration &amp; Animation","article_modified_time":"2016-02-17T15:35:52+00:00","twitter_misc":{"Gesch\u00e4tzte Lesezeit":"3\u00a0Minuten"},"schema":{"@context":"https:\/\/schema.org","@graph":[{"@type":"WebPage","@id":"https:\/\/castalidesinteractive.com\/","url":"https:\/\/castalidesinteractive.com\/","name":"About Castalides Interactive","isPartOf":{"@id":"https:\/\/castalidesinteractive.com\/#website"},"datePublished":"2016-01-19T11:00:06+00:00","dateModified":"2016-02-17T15:35:52+00:00","description":"About Castalides Interactive - We create user experiences, browser games and interactive content since 1996.","breadcrumb":{"@id":"https:\/\/castalidesinteractive.com\/#breadcrumb"},"inLanguage":"de","potentialAction":[{"@type":"ReadAction","target":["https:\/\/castalidesinteractive.com\/"]}]},{"@type":"BreadcrumbList","@id":"https:\/\/castalidesinteractive.com\/#breadcrumb","itemListElement":[{"@type":"ListItem","position":1,"name":"Home","item":"https:\/\/castalidesinteractive.com\/"},{"@type":"ListItem","position":2,"name":"About Castalides Interactive"}]},{"@type":"WebSite","@id":"https:\/\/castalidesinteractive.com\/#website","url":"https:\/\/castalidesinteractive.com\/","name":"Castalides Interactive - Digital Content Production Company - Game Design &amp; Development, Illustration &amp; Animation","description":"A fully integrated digital media and content production company","publisher":{"@id":"https:\/\/castalidesinteractive.com\/#organization"},"potentialAction":[{"@type":"SearchAction","target":{"@type":"EntryPoint","urlTemplate":"https:\/\/castalidesinteractive.com\/?s={search_term_string}"},"query-input":{"@type":"PropertyValueSpecification","valueRequired":true,"valueName":"search_term_string"}}],"inLanguage":"de"},{"@type":"Organization","@id":"https:\/\/castalidesinteractive.com\/#organization","name":"Castalides Ltd","url":"https:\/\/castalidesinteractive.com\/","logo":{"@type":"ImageObject","inLanguage":"de","@id":"https:\/\/castalidesinteractive.com\/#\/schema\/logo\/image\/","url":"https:\/\/castalidesinteractive.com\/wp-content\/uploads\/2015\/09\/castalidesinteractive_100.jpg","contentUrl":"https:\/\/castalidesinteractive.com\/wp-content\/uploads\/2015\/09\/castalidesinteractive_100.jpg","width":100,"height":100,"caption":"Castalides Ltd"},"image":{"@id":"https:\/\/castalidesinteractive.com\/#\/schema\/logo\/image\/"}}]}},"_links":{"self":[{"href":"https:\/\/castalidesinteractive.com\/de\/wp-json\/wp\/v2\/pages\/5","targetHints":{"allow":["GET"]}}],"collection":[{"href":"https:\/\/castalidesinteractive.com\/de\/wp-json\/wp\/v2\/pages"}],"about":[{"href":"https:\/\/castalidesinteractive.com\/de\/wp-json\/wp\/v2\/types\/page"}],"author":[{"embeddable":true,"href":"https:\/\/castalidesinteractive.com\/de\/wp-json\/wp\/v2\/users\/2"}],"replies":[{"embeddable":true,"href":"https:\/\/castalidesinteractive.com\/de\/wp-json\/wp\/v2\/comments?post=5"}],"version-history":[{"count":46,"href":"https:\/\/castalidesinteractive.com\/de\/wp-json\/wp\/v2\/pages\/5\/revisions"}],"predecessor-version":[{"id":324,"href":"https:\/\/castalidesinteractive.com\/de\/wp-json\/wp\/v2\/pages\/5\/revisions\/324"}],"wp:attachment":[{"href":"https:\/\/castalidesinteractive.com\/de\/wp-json\/wp\/v2\/media?parent=5"}],"curies":[{"name":"wp","href":"https:\/\/api.w.org\/{rel}","templated":true}]}}